{"id":213,"date":"2020-08-13T09:26:38","date_gmt":"2020-08-13T06:26:38","guid":{"rendered":"https:\/\/www.i-kone.fi\/en\/?page_id=213"},"modified":"2026-02-02T15:44:55","modified_gmt":"2026-02-02T13:44:55","slug":"contact","status":"publish","type":"page","link":"https:\/\/www.i-kone.fi\/en\/contact\/","title":{"rendered":"Contact us and ask for more information | I-Kone.fi"},"content":{"rendered":"<div class=\"wpb-content-wrapper\"><p>[vc_row full_width=&#8221;stretch_row&#8221; gap=&#8221;10&#8243; equal_height=&#8221;yes&#8221; type=&#8221;vc_default&#8221; css=&#8221;.vc_custom_1550067544175{padding-top: 20px !important;background-image: url(https:\/\/www.i-kone.fi\/en\/wp-content\/uploads\/ikone-wallpaper2018a.jpg?id=143) !important;background-position: center !important;background-repeat: no-repeat !important;background-size: cover !important;}&#8221;][vc_column width=&#8221;2\/4&#8243; css=&#8221;.vc_custom_1579272572548{padding-top: 20px !important;padding-right: 20px !important;padding-bottom: 20px !important;padding-left: 20px !important;background-color: rgba(0,0,0,0.75) !important;*background-color: rgb(0,0,0) !important;}&#8221;][vc_single_image image=&#8221;69&#8243; img_size=&#8221;full&#8221; style=&#8221;vc_box_rounded&#8221; onclick=&#8221;link_image&#8221; css=&#8221;.vc_custom_1550066595370{padding-top: 10px !important;padding-right: 0px !important;padding-bottom: 0px !important;padding-left: 0px !important;}&#8221;][\/vc_column][vc_column width=&#8221;1\/4&#8243; css=&#8221;.vc_custom_1711081956190{padding-top: 20px !important;padding-right: 20px !important;padding-bottom: 20px !important;padding-left: 20px !important;background-color: rgba(0,0,0,0.75) !important;*background-color: rgb(0,0,0) !important;}&#8221;][vc_column_text css=&#8221;.vc_custom_1604061535547{padding-top: 0px !important;padding-right: 0px !important;padding-bottom: 0px !important;padding-left: 0px !important;}&#8221;]<\/p>\n<h6><strong>I-KONE OY<\/strong><\/h6>\n<p>J\u00e4nhi\u00e4l\u00e4ntie 24<br \/>\n55300 Rauha (Lappeenranta)<br \/>\nFinland<br \/>\n@mail. <a href=\"mailto:i-kone@i-kone.fi\">i-kone@i-kone.fi<\/a><br \/>\nVAT-ID: FI2314870-2[\/vc_column_text][vc_column_text css=&#8221;.vc_custom_1770039892836{padding-top: 0px !important;padding-right: 0px !important;padding-bottom: 0px !important;padding-left: 0px !important;}&#8221;]<\/p>\n<h6>PERTTI SCHUVALOW, CEO<\/h6>\n<ul>\n<li>tel. <a href=\"tel:+358400716416\">+358 400 716 416<\/a><\/li>\n<li>@mail. <a href=\"mailto:pertti.schuvalow@i-kone.fi\">pertti.schuvalow@i-kone.fi<\/a><\/li>\n<\/ul>\n<p>[\/vc_column_text][vc_column_text css=&#8221;.vc_custom_1770038988835{padding-top: 0px !important;padding-right: 0px !important;padding-bottom: 0px !important;padding-left: 0px !important;}&#8221;]<\/p>\n<h6>MARKUS HEIMALA, sales<\/h6>\n<ul>\n<li>puh. <a href=\"tel:+358413267428\">+358 41 326 7428<\/a><\/li>\n<li>@mail. <a href=\"mailto:markus.heimala@i-kone.fi\">markus.heimala@i-kone.fi<\/a><\/li>\n<\/ul>\n<p>[\/vc_column_text][vc_column_text css=&#8221;.vc_custom_1711030749865{padding-top: 0px !important;padding-right: 0px !important;padding-bottom: 0px !important;padding-left: 0px !important;}&#8221;]<\/p>\n<h6>ARI MATIKAINEN, foreman<\/h6>\n<ul>\n<li>tel. <a href=\"tel:+358503436139\">+358 50 343 6139<\/a><\/li>\n<li>@mail. <a href=\"mailto:ari.matikainen@i-kone.fi\">ari.matikainen@i-kone.fi<\/a><\/li>\n<\/ul>\n<p>[\/vc_column_text][\/vc_column][vc_column width=&#8221;1\/4&#8243; css=&#8221;.vc_custom_1711081966264{padding-top: 20px !important;padding-right: 20px !important;padding-bottom: 20px !important;padding-left: 20px !important;background-color: rgba(0,0,0,0.75) !important;*background-color: rgb(0,0,0) !important;}&#8221;][vc_column_text]<\/p>\n<h6><strong>Our online invoicing information<\/strong><\/h6>\n<p>We kindly ask that all invoices be sent in e-invoice (Finvoice) form when possible.<\/p>\n<p><strong>E-invoices:<\/strong><br \/>\n&#8211; Name: I-Kone Oy<br \/>\n&#8211; Business ID: 2314870-2<br \/>\n&#8211; E-invoice address: 003723148702<br \/>\n&#8211; Operator ID: 003708599126<br \/>\n&#8211; Operator: OpenText<\/p>\n<p><strong>PDF invoices:<\/strong><br \/>\n\u2013 Address: i-kone@heeros-invoices-fi.com<\/p>\n<p><strong>Physical invoice copies:<\/strong><br \/>\nI-Kone Oy<br \/>\nc\/o Kirjanpitopalvelu Miettinen Ky<br \/>\nSaimaantie 7<br \/>\n54100 Joutseno[\/vc_column_text][\/vc_column][\/vc_row][vc_row full_width=&#8221;stretch_row_content_no_spaces&#8221; gap=&#8221;10&#8243; equal_height=&#8221;yes&#8221; parallax=&#8221;content-moving&#8221; parallax_image=&#8221;32&#8243; type=&#8221;vc_default&#8221; css=&#8221;.vc_custom_1550067921180{margin-bottom: 0px !important;border-bottom-width: 0px !important;padding-top: 0px !important;padding-bottom: 0px !important;}&#8221;][vc_column css=&#8221;.vc_custom_1548876782046{padding-top: 10px !important;padding-right: 10px !important;padding-bottom: 10px !important;padding-left: 10px !important;background-color: rgba(0,0,0,0.75) !important;*background-color: rgb(0,0,0) !important;}&#8221;][vc_column_text css=&#8221;.vc_custom_1549986376834{padding-top: 0px !important;padding-right: 0px !important;padding-bottom: 0px !important;padding-left: 0px !important;}&#8221;]<iframe loading=\"lazy\" src=\"https:\/\/www.google.com\/maps\/embed?pb=!1m18!1m12!1m3!1d1924.3685260689836!2d28.656785216435335!3d61.16297578233752!2m3!1f0!2f0!3f0!3m2!1i1024!2i768!4f13.1!3m3!1m2!1s0x4690a44eb2c36f1d%3A0x7e88b5b0b77452a8!2zSsOkbmhpw6Rsw6RudGllIDI0LCA1NTMwMCBMYXBwZWVucmFudGE!5e0!3m2!1sfi!2sfi!4v1539958957920\" width=\"100%\" height=\"450\" frameborder=\"0\" allowfullscreen=\"allowfullscreen\" data-mce-fragment=\"1\"><\/iframe>[\/vc_column_text][\/vc_column][\/vc_row]<\/p>\n<\/div>","protected":false},"excerpt":{"rendered":"<p>[vc_row full_width=&#8221;stretch_row&#8221; gap=&#8221;10&#8243; equal_height=&#8221;yes&#8221; type=&#8221;vc_default&#8221; css=&#8221;.vc_custom_1550067544175{padding-top: 20px !important;background-image: url(https:\/\/www.i-kone.fi\/en\/wp-content\/uploads\/ikone-wallpaper2018a.jpg?id=143) !important;background-position: center !important;background-repeat: no-repeat !important;background-size: cover !important;}&#8221;][vc_column width=&#8221;2\/4&#8243; css=&#8221;.vc_custom_1579272572548{padding-top: 20px !important;padding-right: 20px !important;padding-bottom: 20px !important;padding-left: 20px !important;background-color: rgba(0,0,0,0.75) !important;*background-color: rgb(0,0,0) !important;}&#8221;][vc_single_image image=&#8221;69&#8243; img_size=&#8221;full&#8221; style=&#8221;vc_box_rounded&#8221; onclick=&#8221;link_image&#8221; css=&#8221;.vc_custom_1550066595370{padding-top: 10px !important;padding-right: 0px !important;padding-bottom: 0px !important;padding-left: 0px !important;}&#8221;][\/vc_column][vc_column width=&#8221;1\/4&#8243; css=&#8221;.vc_custom_1711081956190{padding-top: 20px !important;padding-right: 20px !important;padding-bottom: 20px !important;padding-left: 20px !important;background-color: rgba(0,0,0,0.75) !important;*background-color:&hellip;<\/p>\n","protected":false},"author":1,"featured_media":13,"parent":0,"menu_order":160,"comment_status":"closed","ping_status":"closed","template":"","meta":{"footnotes":""},"class_list":["post-213","page","type-page","status-publish","has-post-thumbnail","hentry","description-off"],"_links":{"self":[{"href":"https:\/\/www.i-kone.fi\/en\/wp-json\/wp\/v2\/pages\/213","targetHints":{"allow":["GET"]}}],"collection":[{"href":"https:\/\/www.i-kone.fi\/en\/wp-json\/wp\/v2\/pages"}],"about":[{"href":"https:\/\/www.i-kone.fi\/en\/wp-json\/wp\/v2\/types\/page"}],"author":[{"embeddable":true,"href":"https:\/\/www.i-kone.fi\/en\/wp-json\/wp\/v2\/users\/1"}],"replies":[{"embeddable":true,"href":"https:\/\/www.i-kone.fi\/en\/wp-json\/wp\/v2\/comments?post=213"}],"version-history":[{"count":9,"href":"https:\/\/www.i-kone.fi\/en\/wp-json\/wp\/v2\/pages\/213\/revisions"}],"predecessor-version":[{"id":407,"href":"https:\/\/www.i-kone.fi\/en\/wp-json\/wp\/v2\/pages\/213\/revisions\/407"}],"wp:featuredmedia":[{"embeddable":true,"href":"https:\/\/www.i-kone.fi\/en\/wp-json\/wp\/v2\/media\/13"}],"wp:attachment":[{"href":"https:\/\/www.i-kone.fi\/en\/wp-json\/wp\/v2\/media?parent=213"}],"curies":[{"name":"wp","href":"https:\/\/api.w.org\/{rel}","templated":true}]}}