{"id":302,"date":"2021-05-20T17:55:53","date_gmt":"2021-05-20T14:55:53","guid":{"rendered":"https:\/\/www.i-kone.fi\/es\/?page_id=302"},"modified":"2024-03-22T16:51:02","modified_gmt":"2024-03-22T14:51:02","slug":"politica-medioambiental","status":"publish","type":"page","link":"https:\/\/www.i-kone.fi\/es\/politica-medioambiental\/","title":{"rendered":"Pol\u00edtica medioambiental | I-Kone.es"},"content":{"rendered":"<div class=\"wpb-content-wrapper\"><p>[vc_row full_width=&#8221;stretch_row&#8221; gap=&#8221;10&#8243; equal_height=&#8221;yes&#8221; type=&#8221;vc_default&#8221; css=&#8221;.vc_custom_1550067544175{padding-top: 20px !important;background-image: url(https:\/\/www.i-kone.fi\/es\/wp-content\/uploads\/ikone-wallpaper2018a.jpg?id=143) !important;background-position: center !important;background-repeat: no-repeat !important;background-size: cover !important;}&#8221;][vc_column width=&#8221;1\/2&#8243; css=&#8221;.vc_custom_1549988097370{padding-top: 20px !important;padding-right: 20px !important;padding-bottom: 20px !important;padding-left: 20px !important;background-color: rgba(0,0,0,0.75) !important;*background-color: rgb(0,0,0) !important;}&#8221;][vc_column_text css=&#8221;.vc_custom_1711084043606{padding-top: 0px !important;padding-right: 0px !important;padding-bottom: 0px !important;padding-left: 0px !important;}&#8221;]<\/p>\n<h6><strong>Pol\u00edtica medioambiental de I-Kone Oy<\/strong><\/h6>\n<p>La actividad principal de I-Kone LTD es la fabricaci\u00f3n de piezas de mecanizado de alta calidad. La filosof\u00eda de negocio de la empresa es el desarrollo continuo de un servicio de subcontrataci\u00f3n basado en la experiencia profesional, los contactos, el conocimiento de la industria y una s\u00f3lida gesti\u00f3n econ\u00f3mica orientada a la fabricaci\u00f3n de componentes de manera que nuestra posici\u00f3n como proveedor \/ socio acreditado para las actividades clave de los clientes resulte fortalecida.<\/p>\n<h6><strong>Las principales competencias de I-Kone LTD se basan en los siguientes factores:<\/strong><\/h6>\n<ul>\n<li>La prestaci\u00f3n de un servicio integral orientado al cliente<\/li>\n<li>Un enfoque que hace hincapi\u00e9 en la responsabilidad y el trabajo independiente del personal<\/li>\n<\/ul>\n<h6><strong>Objetivos del programa medioambiental<\/strong><\/h6>\n<p>El objetivo de esta pol\u00edtica medioambiental es establecer directrices y criterios para las pol\u00edticas y pr\u00e1cticas en todos los \u00e1mbitos de la empresa.<\/p>\n<h6><strong>Disposiciones<\/strong><\/h6>\n<p><strong>1. Pol\u00edtica medioambiental y personal<\/strong><\/p>\n<p>El personal de I-Kone LTD se ha formado para ser respetuoso con el medio ambiente y tambi\u00e9n sabe que el uso final de nuestros productos mejora el impacto medioambiental de nuestros clientes.<\/p>\n<p><strong>2. Energ\u00eda respetuosa con el medio ambiente<\/strong><\/p>\n<p>La producci\u00f3n de I-Kone LTD funciona \u00edntegramente con energ\u00edas renovables. El 90% de la calefacci\u00f3n de nuestras instalaciones es de gas natural y el 10% de energ\u00edas renovables.<\/p>\n<p>I-Kone LTD dispone de un certificado de energ\u00edas renovables. Toda la electricidad que utilizamos procede de energ\u00eda e\u00f3lica, hidr\u00e1ulica y solar de pa\u00edses n\u00f3rdicos y ha sido certificada conforme al sistema europeo de Garant\u00eda de Origen. El origen de la energ\u00eda el\u00e9ctrica producida por Nordic Green Energy se registra y verifica en el sistema de garant\u00eda de origen de Fingrid LTD.<\/p>\n<p><strong>3. Seguiremos mejorando la eficiencia medioambiental<\/strong><\/p>\n<p>I-Kone LTD busca constantemente formas de mejorar su eficiencia medioambiental en el futuro.<\/p>\n<p><strong>4. Utilizamos los recursos de producci\u00f3n de forma responsable<\/strong><\/p>\n<p>Utilizamos eficientemente los materiales de producci\u00f3n. Somos una empresa libre de productos qu\u00edmicos. Los residuos y subproductos generados en el proceso de producci\u00f3n se reciclan o se utilizan para producir energ\u00eda.<\/p>\n<p>Recogemos, clasificamos y reciclamos por grupos todas las virutas de metal y pl\u00e1stico generadas en los procesos de producci\u00f3n:<\/p>\n<ul>\n<li>Acero inoxidable<\/li>\n<li>Acero resistente a los \u00e1cidos<\/li>\n<li>Aluminio\/li&gt;<\/li>\n<li>Otros metales preciosos<\/li>\n<li>Hierro<\/li>\n<li>Pl\u00e1stico<\/li>\n<li>Baquelita<\/li>\n<\/ul>\n<p><strong>5. Nuestra comunicaci\u00f3n con las partes interesadas es abierta<\/strong><\/p>\n<p>Abordamos abiertamente las cuestiones medioambientales en cooperaci\u00f3n con nuestros clientes, las autoridades y el p\u00fablico. Parte de estas cuestiones son una comunicaci\u00f3n medioambiental transparente y directa.[\/vc_column_text][vc_btn title=&#8221;M\u00e1s informaci\u00f3n&#8221; color=&#8221;black&#8221; link=&#8221;url:https%3A%2F%2Fwww.i-kone.fi%2Fes%2Fcontacto&#8221;][\/vc_column][vc_column width=&#8221;1\/2&#8243; css=&#8221;.vc_custom_1579272572548{padding-top: 20px !important;padding-right: 20px !important;padding-bottom: 20px !important;padding-left: 20px !important;background-color: rgba(0,0,0,0.75) !important;*background-color: rgb(0,0,0) !important;}&#8221;][vc_single_image image=&#8221;75&#8243; img_size=&#8221;full&#8221; style=&#8221;vc_box_rounded&#8221; onclick=&#8221;link_image&#8221; css=&#8221;.vc_custom_1620457479417{padding-top: 10px !important;padding-right: 0px !important;padding-bottom: 0px !important;padding-left: 0px !important;}&#8221;][vc_single_image image=&#8221;57&#8243; img_size=&#8221;full&#8221; style=&#8221;vc_box_rounded&#8221; onclick=&#8221;link_image&#8221; css=&#8221;.vc_custom_1620457556179{padding-top: 10px !important;padding-right: 0px !important;padding-bottom: 0px !important;padding-left: 0px !important;}&#8221;][\/vc_column][\/vc_row]<\/p>\n<\/div>","protected":false},"excerpt":{"rendered":"<p>[vc_row full_width=&#8221;stretch_row&#8221; gap=&#8221;10&#8243; equal_height=&#8221;yes&#8221; type=&#8221;vc_default&#8221; css=&#8221;.vc_custom_1550067544175{padding-top: 20px !important;background-image: url(https:\/\/www.i-kone.fi\/es\/wp-content\/uploads\/ikone-wallpaper2018a.jpg?id=143) !important;background-position: center !important;background-repeat: no-repeat !important;background-size: cover !important;}&#8221;][vc_column width=&#8221;1\/2&#8243; css=&#8221;.vc_custom_1549988097370{padding-top: 20px !important;padding-right: 20px !important;padding-bottom: 20px !important;padding-left: 20px !important;background-color: rgba(0,0,0,0.75) !important;*background-color: rgb(0,0,0) !important;}&#8221;][vc_column_text css=&#8221;.vc_custom_1711084043606{padding-top: 0px !important;padding-right: 0px !important;padding-bottom: 0px !important;padding-left: 0px !important;}&#8221;] Pol\u00edtica medioambiental de I-Kone Oy La actividad principal de I-Kone LTD es la fabricaci\u00f3n de piezas&hellip;<\/p>\n","protected":false},"author":1,"featured_media":135,"parent":0,"menu_order":155,"comment_status":"closed","ping_status":"closed","template":"","meta":{"footnotes":""},"class_list":["post-302","page","type-page","status-publish","has-post-thumbnail","hentry","description-off"],"_links":{"self":[{"href":"https:\/\/www.i-kone.fi\/es\/wp-json\/wp\/v2\/pages\/302","targetHints":{"allow":["GET"]}}],"collection":[{"href":"https:\/\/www.i-kone.fi\/es\/wp-json\/wp\/v2\/pages"}],"about":[{"href":"https:\/\/www.i-kone.fi\/es\/wp-json\/wp\/v2\/types\/page"}],"author":[{"embeddable":true,"href":"https:\/\/www.i-kone.fi\/es\/wp-json\/wp\/v2\/users\/1"}],"replies":[{"embeddable":true,"href":"https:\/\/www.i-kone.fi\/es\/wp-json\/wp\/v2\/comments?post=302"}],"version-history":[{"count":8,"href":"https:\/\/www.i-kone.fi\/es\/wp-json\/wp\/v2\/pages\/302\/revisions"}],"predecessor-version":[{"id":394,"href":"https:\/\/www.i-kone.fi\/es\/wp-json\/wp\/v2\/pages\/302\/revisions\/394"}],"wp:featuredmedia":[{"embeddable":true,"href":"https:\/\/www.i-kone.fi\/es\/wp-json\/wp\/v2\/media\/135"}],"wp:attachment":[{"href":"https:\/\/www.i-kone.fi\/es\/wp-json\/wp\/v2\/media?parent=302"}],"curies":[{"name":"wp","href":"https:\/\/api.w.org\/{rel}","templated":true}]}}