{"id":203,"date":"2020-08-13T09:22:52","date_gmt":"2020-08-13T06:22:52","guid":{"rendered":"https:\/\/www.i-kone.fi\/se\/?page_id=203"},"modified":"2024-04-19T20:26:32","modified_gmt":"2024-04-19T17:26:32","slug":"foretag","status":"publish","type":"page","link":"https:\/\/www.i-kone.fi\/se\/foretag\/","title":{"rendered":"Vi tillverkar ingenj\u00f6rsprodukter som uppfyller v\u00e5ra kunders kvalitetskrav | I-Kone.se"},"content":{"rendered":"<div class=\"wpb-content-wrapper\"><p>[vc_row full_width=&#8221;stretch_row&#8221; gap=&#8221;10&#8243; equal_height=&#8221;yes&#8221; type=&#8221;vc_default&#8221; css=&#8221;.vc_custom_1711081222520{padding-top: 20px !important;background-image: url(https:\/\/www.i-kone.fi\/se\/wp-content\/uploads\/ikone-wallpaper2018a.jpg?id=143) !important;background-position: center !important;background-repeat: no-repeat !important;background-size: cover !important;}&#8221;][vc_column width=&#8221;1\/3&#8243; css=&#8221;.vc_custom_1549987884524{padding-top: 20px !important;padding-right: 20px !important;padding-bottom: 20px !important;padding-left: 20px !important;background-color: rgba(0,0,0,0.75) !important;*background-color: rgb(0,0,0) !important;}&#8221;][vc_column_text css=&#8221;.vc_custom_1711081009297{padding-top: 0px !important;padding-right: 0px !important;padding-bottom: 0px !important;padding-left: 0px !important;}&#8221;]<\/p>\n<h6>VI \u00c4R ETT INNOVATIVT MASKINTEKNISKT F\u00d6RETAG MED MYCKET H\u00d6G KOMPETENS BASERAT I FINLAND. VI HAR LEVERERAT PRODUKTER OCH L\u00d6SNINGAR F\u00d6R INDUSTRIELLA BEHOV I SEX DECENNIER<\/h6>\n<p>Med maskiner och utrustning som ligger i linje med v\u00e5ra verksamhetsomr\u00e5den uppfyller vi dagens krav och utmaningar. F\u00f6r maskinbearbetning f\u00e5r du hj\u00e4lp av ett team med mycket h\u00f6g kompetens som \u00e4r redo att dela med sig av sin yrkeskunskap.<\/p>\n<p>V\u00e5ra kunder best\u00e5r av ledande tillverkare av maskiner och utrustning i de nordiska och baltiska l\u00e4nderna, samt industriella fabriker inom olika omr\u00e5den.<\/p>\n<p>Ut\u00f6ver maskinarbeten och deltillverkning tillverkar och s\u00e4ljer vi den patenterade svarven som vi har utvecklat f\u00f6r underh\u00e5ll av st\u00e4nger som anv\u00e4nds vid bergborrning i mineralbrott \u00f6ver hela v\u00e4rlden.<\/p>\n<p>V\u00e5r anl\u00e4ggning \u00e4r 1 200 kvadratmeter stor med traverskranar p\u00e5 2 ton och 10 ton.<br \/>\n[\/vc_column_text][vc_column_text css=&#8221;.vc_custom_1711081085414{padding-top: 0px !important;padding-right: 0px !important;padding-bottom: 0px !important;padding-left: 0px !important;}&#8221;]<\/p>\n<h6><strong>VI TILLVERKAR VERKSTADSPRODUKTER SOM UPPFYLLER V\u00c5RA KUNDERS KVALITETSKRAV!<\/strong><\/h6>\n<p>Dessutom s\u00e4kerst\u00e4ller v\u00e5ra p\u00e5 litliga och effektiva produktionsmetoder och operativa partner att v\u00e5ra kunders aff\u00e4rsverksamhet l\u00f6per smidigt med leveranser som kommer fram i tid.<\/p>\n<p><strong>Vi har utf\u00f6rt b\u00e5de maskinarbeten och tillverkning sedan 1975 vilket gett oss en gedigen erfarenhet. V\u00e5ra tj\u00e4nster inkluderar t.ex.<\/strong><\/p>\n<ul>\n<li>Karusellsvarvning<\/li>\n<li>Borrning och arborrning<\/li>\n<li>Fr\u00e4sning<\/li>\n<li>NC-svarvning och centrering<\/li>\n<li>Interna och externa kuggar<\/li>\n<li>Plan- och rotationsslipning<\/li>\n<li>CAD-design<\/li>\n<\/ul>\n<p>[\/vc_column_text][\/vc_column][vc_column width=&#8221;1\/3&#8243; css=&#8221;.vc_custom_1711811300151{padding-top: 20px !important;padding-right: 20px !important;padding-bottom: 20px !important;padding-left: 20px !important;background-color: rgba(0,0,0,0.75) !important;*background-color: rgb(0,0,0) !important;}&#8221;][vc_column_text css=&#8221;.vc_custom_1711811240959{padding-top: 0px !important;padding-right: 0px !important;padding-bottom: 0px !important;padding-left: 0px !important;}&#8221;]<\/p>\n<p style=\"text-align: center;\"><a href=\"https:\/\/www.i-kone.fi\/se\/wp-content\/uploads\/ikone-brochure2018.pdf\" target=\"_blank\" rel=\"noopener noreferrer\"><img decoding=\"async\" src=\"https:\/\/www.i-kone.fi\/se\/wp-content\/uploads\/ikone-brochure2018.jpg\" width=\"100%\" \/><\/a><\/p>\n<p>[\/vc_column_text][vc_single_image image=&#8221;402&#8243; img_size=&#8221;full&#8221; onclick=&#8221;link_image&#8221;][\/vc_column][vc_column width=&#8221;1\/3&#8243; css=&#8221;.vc_custom_1711811309355{padding-top: 20px !important;padding-right: 20px !important;padding-bottom: 20px !important;padding-left: 20px !important;background-color: rgba(0,0,0,0.75) !important;*background-color: rgb(0,0,0) !important;}&#8221;][vc_column_text css=&#8221;.vc_custom_1713547352129{padding-top: 0px !important;padding-right: 0px !important;padding-bottom: 0px !important;padding-left: 0px !important;}&#8221;]<\/p>\n<h6 style=\"text-align: center;\">KLICKA OCH SE EN VIDEO OM V\u00c5RT F\u00d6RETAG OCH V\u00c5RA TJ\u00c4NSTER<\/h6>\n<p>[\/vc_column_text][vc_video link=&#8221;https:\/\/www.youtube.com\/watch?v=mo6WADwv_DM&#8221;][vc_single_image image=&#8221;398&#8243; img_size=&#8221;full&#8221; onclick=&#8221;link_image&#8221;][vc_single_image image=&#8221;405&#8243; img_size=&#8221;full&#8221; onclick=&#8221;link_image&#8221;][\/vc_column][\/vc_row]<\/p>\n<\/div>","protected":false},"excerpt":{"rendered":"<p>[vc_row full_width=&#8221;stretch_row&#8221; gap=&#8221;10&#8243; equal_height=&#8221;yes&#8221; type=&#8221;vc_default&#8221; css=&#8221;.vc_custom_1711081222520{padding-top: 20px !important;background-image: url(https:\/\/www.i-kone.fi\/se\/wp-content\/uploads\/ikone-wallpaper2018a.jpg?id=143) !important;background-position: center !important;background-repeat: no-repeat !important;background-size: cover !important;}&#8221;][vc_column width=&#8221;1\/3&#8243; css=&#8221;.vc_custom_1549987884524{padding-top: 20px !important;padding-right: 20px !important;padding-bottom: 20px !important;padding-left: 20px !important;background-color: rgba(0,0,0,0.75) !important;*background-color: rgb(0,0,0) !important;}&#8221;][vc_column_text css=&#8221;.vc_custom_1711081009297{padding-top: 0px !important;padding-right: 0px !important;padding-bottom: 0px !important;padding-left: 0px !important;}&#8221;] VI \u00c4R ETT INNOVATIVT MASKINTEKNISKT F\u00d6RETAG MED MYCKET H\u00d6G KOMPETENS BASERAT I FINLAND. VI HAR LEVERERAT&hellip;<\/p>\n","protected":false},"author":1,"featured_media":20,"parent":0,"menu_order":110,"comment_status":"closed","ping_status":"closed","template":"","meta":{"footnotes":""},"class_list":["post-203","page","type-page","status-publish","has-post-thumbnail","hentry","description-off"],"_links":{"self":[{"href":"https:\/\/www.i-kone.fi\/se\/wp-json\/wp\/v2\/pages\/203","targetHints":{"allow":["GET"]}}],"collection":[{"href":"https:\/\/www.i-kone.fi\/se\/wp-json\/wp\/v2\/pages"}],"about":[{"href":"https:\/\/www.i-kone.fi\/se\/wp-json\/wp\/v2\/types\/page"}],"author":[{"embeddable":true,"href":"https:\/\/www.i-kone.fi\/se\/wp-json\/wp\/v2\/users\/1"}],"replies":[{"embeddable":true,"href":"https:\/\/www.i-kone.fi\/se\/wp-json\/wp\/v2\/comments?post=203"}],"version-history":[{"count":13,"href":"https:\/\/www.i-kone.fi\/se\/wp-json\/wp\/v2\/pages\/203\/revisions"}],"predecessor-version":[{"id":406,"href":"https:\/\/www.i-kone.fi\/se\/wp-json\/wp\/v2\/pages\/203\/revisions\/406"}],"wp:featuredmedia":[{"embeddable":true,"href":"https:\/\/www.i-kone.fi\/se\/wp-json\/wp\/v2\/media\/20"}],"wp:attachment":[{"href":"https:\/\/www.i-kone.fi\/se\/wp-json\/wp\/v2\/media?parent=203"}],"curies":[{"name":"wp","href":"https:\/\/api.w.org\/{rel}","templated":true}]}}