{"id":302,"date":"2021-05-20T17:55:53","date_gmt":"2021-05-20T14:55:53","guid":{"rendered":"https:\/\/www.i-kone.fi\/se\/?page_id=302"},"modified":"2024-03-22T16:50:46","modified_gmt":"2024-03-22T14:50:46","slug":"miljopolicy","status":"publish","type":"page","link":"https:\/\/www.i-kone.fi\/se\/miljopolicy\/","title":{"rendered":"Milj\u00f6policy | I-Kone.se"},"content":{"rendered":"<div class=\"wpb-content-wrapper\"><p>[vc_row full_width=&#8221;stretch_row&#8221; gap=&#8221;10&#8243; equal_height=&#8221;yes&#8221; type=&#8221;vc_default&#8221; css=&#8221;.vc_custom_1550067544175{padding-top: 20px !important;background-image: url(https:\/\/www.i-kone.fi\/se\/wp-content\/uploads\/ikone-wallpaper2018a.jpg?id=143) !important;background-position: center !important;background-repeat: no-repeat !important;background-size: cover !important;}&#8221;][vc_column width=&#8221;1\/2&#8243; css=&#8221;.vc_custom_1549988097370{padding-top: 20px !important;padding-right: 20px !important;padding-bottom: 20px !important;padding-left: 20px !important;background-color: rgba(0,0,0,0.75) !important;*background-color: rgb(0,0,0) !important;}&#8221;][vc_column_text css=&#8221;.vc_custom_1711083702651{padding-top: 0px !important;padding-right: 0px !important;padding-bottom: 0px !important;padding-left: 0px !important;}&#8221;]<\/p>\n<h6><strong>I-Kone Oy:s milj\u00f6policy<\/strong><\/h6>\n<p>I-Kone LTD:s k\u00e4rnverksamhet \u00e4r tillverkning av h\u00f6gkvalitativa bearbetningsdelar. F\u00f6retagets aff\u00e4rslogik \u00e4r den kontinuerliga utvecklingen av en underleverant\u00f6rstj\u00e4nst baserad p\u00e5 professionell expertis, kontakter, branschkunskap och en god ekonomi g\u00e4llande komponenttillverkning, samt att den genomf\u00f6rs p\u00e5 ett s\u00e5dant s\u00e4tt att v\u00e5r position som en p\u00e5litlig underleverant\u00f6r\/partner st\u00e4rks inom viktiga kundindustrier.<\/p>\n<h6><strong>I-Kone LTD:s k\u00e4rnkompetens bygger p\u00e5 f\u00f6ljande faktorer:<\/strong><\/h6>\n<ul>\n<li>Tillhandah\u00e5lla en kundorienterad helhetstj\u00e4nst<\/li>\n<li>Ett tillv\u00e4gag\u00e5ngss\u00e4tt som betonar ansvar och personalens oberoende arbete<\/li>\n<\/ul>\n<h6><strong>M\u00e5len med milj\u00f6programmet<\/strong><\/h6>\n<p>Syftet med denna milj\u00f6policy \u00e4r att fastst\u00e4lla riktlinjer och kriterier f\u00f6r policyer och praxis inom alla verksamhetsomr\u00e5den.<\/p>\n<h6><strong>Policybest\u00e4mmelser<\/strong><\/h6>\n<p><strong>1. Milj\u00f6policy och personal<\/strong><\/p>\n<p>Personalen p\u00e5 I-Kone LTD har f\u00e5tt utbildning i att vara milj\u00f6medvetna och de vet ocks\u00e5 att slutanv\u00e4ndningen av v\u00e5ra produkter \u00e4ven f\u00f6rb\u00e4ttrar konsumenternas milj\u00f6v\u00e4nlighet.<\/p>\n<p><strong>2. Milj\u00f6v\u00e4nlig energi<\/strong><\/p>\n<p>I-Kone LTD:s produktion drivs helt med f\u00f6rnybar energi. 90 % av uppv\u00e4rmningen i v\u00e5ra lokaler sker med naturgas och 10 % med f\u00f6rnybar energi.<\/p>\n<p>I-Kone LTD innehar ett certifikat f\u00f6r f\u00f6rnybar energi. All elektricitet som vi anv\u00e4nder produceras av nordisk vind-, vatten- och solkraft och har certifierats i enlighet med EU:s system f\u00f6r ursprungsgarantier. Ursprunget f\u00f6r elenergin som produceras av Nordic Green Energy \u00e4r registrerat och verifierat i Fingrid LTD:s system f\u00f6r ursprungsgarantier.<\/p>\n<p><strong>3. Vi kommer forts\u00e4tta att f\u00f6rb\u00e4ttra v\u00e5r milj\u00f6effektivitet<\/strong><\/p>\n<p>I-Kone LTD letar st\u00e4ndigt efter s\u00e4tt att f\u00f6rb\u00e4ttra sin milj\u00f6effektivitet \u00e4ven i framtiden.<\/p>\n<p><strong>4. Vi anv\u00e4nder produktionsresurser p\u00e5 ett ansvarsfullt s\u00e4tt<\/strong><\/p>\n<p>Vi anv\u00e4nder produktionsmaterial p\u00e5 ett effektivt s\u00e4tt. Vi \u00e4r ett kemikaliefritt f\u00f6retag. Avfall och biprodukter som genereras i produktionsprocessen \u00e5tervinns eller anv\u00e4nds f\u00f6r energi.<\/p>\n<p>Vi samlar in, sorterar och \u00e5tervinner alla metall- och plastsp\u00e5n som genereras i produktionsprocessen efter grupper:<\/p>\n<ul>\n<li>Rostfritt st\u00e5l<\/li>\n<li>Syrafast st\u00e5l<\/li>\n<li>Aluminium<\/li>\n<li>Andra \u00e4delmetaller<\/li>\n<li>J\u00e4rn<\/li>\n<li>Plast<\/li>\n<li>Bakelit<\/li>\n<\/ul>\n<p><strong>5. Vi har en \u00f6ppen kommunikation med v\u00e5ra intressenter<\/strong><\/p>\n<p>Vi behandlar milj\u00f6fr\u00e5gor \u00f6ppet i samarbete med v\u00e5ra kunder, myndigheter och allm\u00e4nheten. En del av detta \u00e4r \u00f6ppen och direkt milj\u00f6kommunikation.[\/vc_column_text][vc_btn title=&#8221;Kontakta oss f\u00f6r mer information&#8221; color=&#8221;black&#8221; link=&#8221;url:https%3A%2F%2Fwww.i-kone.fi%2Fse%2Fkonktakt&#8221;][\/vc_column][vc_column width=&#8221;1\/2&#8243; css=&#8221;.vc_custom_1579272572548{padding-top: 20px !important;padding-right: 20px !important;padding-bottom: 20px !important;padding-left: 20px !important;background-color: rgba(0,0,0,0.75) !important;*background-color: rgb(0,0,0) !important;}&#8221;][vc_single_image image=&#8221;75&#8243; img_size=&#8221;full&#8221; style=&#8221;vc_box_rounded&#8221; onclick=&#8221;link_image&#8221; css=&#8221;.vc_custom_1620457479417{padding-top: 10px !important;padding-right: 0px !important;padding-bottom: 0px !important;padding-left: 0px !important;}&#8221;][vc_single_image image=&#8221;57&#8243; img_size=&#8221;full&#8221; style=&#8221;vc_box_rounded&#8221; onclick=&#8221;link_image&#8221; css=&#8221;.vc_custom_1620457556179{padding-top: 10px !important;padding-right: 0px !important;padding-bottom: 0px !important;padding-left: 0px !important;}&#8221;][\/vc_column][\/vc_row]<\/p>\n<\/div>","protected":false},"excerpt":{"rendered":"<p>[vc_row full_width=&#8221;stretch_row&#8221; gap=&#8221;10&#8243; equal_height=&#8221;yes&#8221; type=&#8221;vc_default&#8221; css=&#8221;.vc_custom_1550067544175{padding-top: 20px !important;background-image: url(https:\/\/www.i-kone.fi\/se\/wp-content\/uploads\/ikone-wallpaper2018a.jpg?id=143) !important;background-position: center !important;background-repeat: no-repeat !important;background-size: cover !important;}&#8221;][vc_column width=&#8221;1\/2&#8243; css=&#8221;.vc_custom_1549988097370{padding-top: 20px !important;padding-right: 20px !important;padding-bottom: 20px !important;padding-left: 20px !important;background-color: rgba(0,0,0,0.75) !important;*background-color: rgb(0,0,0) !important;}&#8221;][vc_column_text css=&#8221;.vc_custom_1711083702651{padding-top: 0px !important;padding-right: 0px !important;padding-bottom: 0px !important;padding-left: 0px !important;}&#8221;] I-Kone Oy:s milj\u00f6policy I-Kone LTD:s k\u00e4rnverksamhet \u00e4r tillverkning av h\u00f6gkvalitativa bearbetningsdelar. F\u00f6retagets aff\u00e4rslogik \u00e4r den kontinuerliga&hellip;<\/p>\n","protected":false},"author":1,"featured_media":135,"parent":0,"menu_order":155,"comment_status":"closed","ping_status":"closed","template":"","meta":{"footnotes":""},"class_list":["post-302","page","type-page","status-publish","has-post-thumbnail","hentry","description-off"],"_links":{"self":[{"href":"https:\/\/www.i-kone.fi\/se\/wp-json\/wp\/v2\/pages\/302","targetHints":{"allow":["GET"]}}],"collection":[{"href":"https:\/\/www.i-kone.fi\/se\/wp-json\/wp\/v2\/pages"}],"about":[{"href":"https:\/\/www.i-kone.fi\/se\/wp-json\/wp\/v2\/types\/page"}],"author":[{"embeddable":true,"href":"https:\/\/www.i-kone.fi\/se\/wp-json\/wp\/v2\/users\/1"}],"replies":[{"embeddable":true,"href":"https:\/\/www.i-kone.fi\/se\/wp-json\/wp\/v2\/comments?post=302"}],"version-history":[{"count":7,"href":"https:\/\/www.i-kone.fi\/se\/wp-json\/wp\/v2\/pages\/302\/revisions"}],"predecessor-version":[{"id":395,"href":"https:\/\/www.i-kone.fi\/se\/wp-json\/wp\/v2\/pages\/302\/revisions\/395"}],"wp:featuredmedia":[{"embeddable":true,"href":"https:\/\/www.i-kone.fi\/se\/wp-json\/wp\/v2\/media\/135"}],"wp:attachment":[{"href":"https:\/\/www.i-kone.fi\/se\/wp-json\/wp\/v2\/media?parent=302"}],"curies":[{"name":"wp","href":"https:\/\/api.w.org\/{rel}","templated":true}]}}